{"id":6311,"date":"2019-11-24T10:10:41","date_gmt":"2019-11-24T07:10:41","guid":{"rendered":"https:\/\/www.hammadde.com.tr\/?post_type=product&#038;p=6311"},"modified":"2020-01-20T23:02:06","modified_gmt":"2020-01-20T20:02:06","slug":"economizer","status":"publish","type":"product","link":"https:\/\/hammadde.com.tr\/en\/product\/economizer\/","title":{"rendered":"Economizer"},"content":{"rendered":"<p>Economizers are a kind of water tube heat exchangers used in heat, steam or power generation facilities to recover some of the heat on the flue gases leaving the boilers and going to the chimney.<\/p>\n<p>Heat recovered from smoke gases thrown from the boiler to the chimney;<\/p>\n<p>When the boiler is fed to the feed water, the Feed Water Economizer,<br \/>\nOperating water in the facility, bath &#8211; shower, process washing etc. Potable Water Economizer, when supplied to water for purposes,<br \/>\nWhen the burner is used for preheating combustion air or heating ambient air, it is called Air Heater Economizer.<\/p>\n<p>Economizers can be classified as condensing and non-condensing according to dew point. In a condensing economizer, maximum savings are achieved with flue gas temperatures that can be reduced to 60 \u00b0 C, depending on the type of fuel burned in the boiler.<\/p>\n<p>Economizer gas outlet temperature can be reduced up to 180 \u00b0 C in fuel oil fired boilers, 160 \u00b0 C in diesel fired boilers, and 110 \u00b0 C in natural gas and LPG boilers. It can be reduced in natural gas fired boilers up to 60 \u00b0 C in condensing systems.<\/p>\n<p>Depending on the boiler flue gas outlet temperature and the type of economizer to be installed depending on the type of fuel, a yield increase of 3% to 8% is achieved in the boiler or plant efficiency.<\/p>\n<p>Depending on the increase in efficiency, less fuel is spent for the same capacity or more production is taken from the boiler with the same amount of fuel.<br \/>\nLess CO2 emissions will be released to the nature with less fuel burned. More environmental systems can be created.<\/p>\n<p>It has been observed that the cost of the heat recovered in the plants operating continuously pays for the investment between 5 and 20 months depending on the type of economizer to be made.<\/p>\n<p>Pipes forming the heating surface used to transfer the heat in the flue gas in the economizer; It is made with High Frequency Welded Finned Tube used in Natural Gas Cycle Power Plants.<\/p>\n<p>With the use of High Frequency Welded Finned Tube, the heat in the smoke gas is transferred to the perfectly heated fluid and more compact systems are obtained.<\/p>\n<p>Turkey&#8217;s domestic win in the first and expressed as a single combi is ekononomiz, multiple economizer is designed as a joint flap use in the same body and producing, our company offers place and price advantage to its customers with manufacturing of the economizer.<\/p>\n<p>Economizers are self-supporting and by-pass flaps are designed on their own. Therefore, assembly times are much shorter, without the need for separate carrier construction.<\/p>\n","protected":false},"excerpt":{"rendered":"<p>It is called devices that convert chemical energy in boiler fuel to heat energy. The prepared fuels (oil or coal) are pulverized with air and sprayed into the combustion chamber. The heat released as a result of combustion evaporates the water in the boiler pipes. The remaining solid waste and slag fall into the water trough under the boiler and are then thrown out with tapes. The gases formed as a result of combustion are sent to the chimney around 110\u2013160 C after the heat is taken thoroughly. The steam produced in the boiler is directed to the turbine.<\/p>\n<p>Steam production; is the process of converting water into steam with the effect of heat. The water and steam temperatures in the water source are the same. This temperature is called l\u0131\u011f\u0131 saturation temperature.. At constant pressure, a heat must be introduced to allow evaporation in a liquid source. This heat is called \u201clatent heat\u201d or \u201cevaporation heat..<\/p>\n<p>If the steam produced is at boiling point and does not contain water, this is called \u201cdry saturated steam\u201d and \u201cwet steam orsa if it contains water. If the steam is heated to a point above the boiling point, it is called bir superheated steam..<\/p>\n<p>Boiler Types<\/p>\n<p>The boilers used in heating plants are classified as follows depending on various criteria.<\/p>\n<p>1- According to the type of material used in boiler construction;<br \/>\n&#8211; Boilers with cast slice<br \/>\n&#8211; Steel boilers<\/p>\n<p>2- According to the type of fuel used;<br \/>\n&#8211; Gas fired boilers (Natural gas)<br \/>\n&#8211; Liquid fuel boilers (Diesel, fuel iloil)<br \/>\n&#8211; Solid fuel boilers (hard coal, wood, etc.)<\/p>\n<p>3- According to the pressure of the combustion chamber;<br \/>\n&#8211; Counter pressure boilers<br \/>\n&#8211; Boilers without counterpressure<\/p>\n<p>4- According to heating fluid type;<br \/>\n&#8211; Hot water boilers<br \/>\n&#8211; Boiling water boilers<br \/>\n&#8211; Steam boilers<\/p>\n<p>5- In terms of structural design of the boiler;<br \/>\n&#8211; Flame tube boilers<br \/>\n&#8211; Boilers with flame smoke tubes<br \/>\n&#8211; Boilers with smoke pipe<br \/>\n&#8211; Water tube boilers<\/p>\n<p>6- In terms of the shape of the accident;<br \/>\n&#8211; Semi-cylindrical boilers<br \/>\n&#8211; Full cylindrical boilers<br \/>\n&#8211; Prismatic package boilers<\/p>\n<p>In petrochemicals and refineries, boilers are generally used in two main types. These; flame tube boiler and water tube boiler.<\/p>\n<p>Flame Tube Boilers<\/p>\n<p>All the heat transfer in the flame tube boilers is made by the pipes (tubes) surrounded by water, through which hot combustion gases pass. Water and steam are located in the same section (barrel section). The steam output comes out of the drum. Examples of such boilers are steam locomotives and steam boilers and steam boilers through which the hot gas or hot liquid product passes through the tube in the process units.<\/p>\n<p>Water Pipe Boilers<\/p>\n<p>In boilers with water pipes, the combustion chamber is surrounded by tubes through which the water and steam mixture circulates. These types of boilers are used more widely in refinery operations than those with flame tubes. His designs have shown significant improvements in recent times. Vertical or near vertical tubes are used efficiently in both radiation (combustion chamber) and convection (combustion gases) zones. In addition, waste heat of hot flue gases is maximized by the use of economizers and air heaters.<\/p>\n<p>Packaged boilers are the type of steam boiler that has been widely used recently in refineries. The reason it is called as package is that these boilers are brought to their place in the refinery and assembled as a complete unit after they are made by the manufacturer. The limitation in the size of these boilers is determined by transportation difficulties. Another type of boiler is the boiler built on site. However, in terms of cost, it is about twice as expensive as package boilers. Boiler costs are generally rated per unit quantity of steam produced. Many packages of tubular water boilers have one of the following structural views. These are called \u201cA\u201d, \u201cD\u201d and \u201cO\u201d type boiler.<\/p>\n<p>&#8211; \u201cA\u201d Type Boiler<br \/>\nBelow are two small dramas and collectors. The upper drum is designed to provide steam and water separation. Most of the steam produced is formed in the central furnace wall tubes entering the drama.<br \/>\n&#8211; \u201cD\u201d Type Boiler<br \/>\nIn this type of boilers steam arms enter around the drama water level. B\u00f6rners are usually at the end of the wall. It is the most widely used boiler type in petrochemical plants.<\/p>\n<p>&#8211; \u201cO\u201d Type Boiler:<br \/>\nTransportation problems are the most important factor in determining the size of such boilers. An \u201cO\u201d type boiler of the same capacity should be longer than other boiler types. Bases of \u201cD\u201d and \u201cO\u201d type boilers are usually covered with bricks. In all modern boiler constructions, the water tubes forming the combustion chamber wall are either tangentially connected or metal fin (fin) with gas passage sealing.<\/p>\n<p>Boiling and Circulation<\/p>\n<p>The aim is to produce steam by boiling. As the water begins to boil, it can be seen that in a bottom heated container, the steam emerges in the form of bubbles. It is replaced by bubbles and hot water, colder and steam-free water. In this way, a circulation is formed which transports the vapor formed to the surface.<\/p>\n<p>In a water tube boiler, water and steam pass through a large number of tubes. The basic idea is like the one-circuit diagram<\/p>\n","protected":false},"featured_media":6363,"template":"","meta":[],"product_cat":[105],"product_tag":[],"yoast_head":"<!-- This site is optimized with the Yoast SEO plugin v21.2 - https:\/\/yoast.com\/wordpress\/plugins\/seo\/ -->\n<title>Economizer - Boiler Production - Renovation - Quality Workmanship<\/title>\n<meta name=\"description\" content=\"Economizers are for recovering some of the flue gas heat that goes out of the boilers and into the chimney in heat, steam or power generation facilities.\" \/>\n<meta name=\"robots\" content=\"index, follow, max-snippet:-1, max-image-preview:large, max-video-preview:-1\" \/>\n<link rel=\"canonical\" href=\"https:\/\/hammadde.com.tr\/en\/product\/economizer\/\" \/>\n<meta property=\"og:locale\" content=\"en_US\" \/>\n<meta property=\"og:type\" content=\"article\" \/>\n<meta property=\"og:title\" content=\"Economizer - Boiler Production - Renovation - Quality Workmanship\" \/>\n<meta property=\"og:description\" content=\"Economizers are for recovering some of the flue gas heat that goes out of the boilers and into the chimney in heat, steam or power generation facilities.\" \/>\n<meta property=\"og:url\" content=\"https:\/\/hammadde.com.tr\/en\/product\/economizer\/\" \/>\n<meta property=\"og:site_name\" content=\"Hammadde Co. Inc.\" \/>\n<meta property=\"article:modified_time\" content=\"2020-01-20T20:02:06+00:00\" \/>\n<meta property=\"og:image\" content=\"https:\/\/hammadde.com.tr\/en\/wp-content\/uploads\/2019\/11\/baca-kazani-economizer-boiler-22.jpg\" \/>\n\t<meta property=\"og:image:width\" content=\"350\" \/>\n\t<meta property=\"og:image:height\" content=\"292\" \/>\n\t<meta property=\"og:image:type\" content=\"image\/jpeg\" \/>\n<meta name=\"twitter:card\" content=\"summary_large_image\" \/>\n<meta name=\"twitter:label1\" content=\"Est. reading time\" \/>\n\t<meta name=\"twitter:data1\" content=\"2 minutes\" \/>\n<script type=\"application\/ld+json\" class=\"yoast-schema-graph\">{\"@context\":\"https:\/\/schema.org\",\"@graph\":[{\"@type\":\"WebPage\",\"@id\":\"https:\/\/hammadde.com.tr\/en\/product\/economizer\/\",\"url\":\"https:\/\/hammadde.com.tr\/en\/product\/economizer\/\",\"name\":\"Economizer - Boiler Production - Renovation - Quality Workmanship\",\"isPartOf\":{\"@id\":\"https:\/\/hammadde.com.tr\/en\/#website\"},\"datePublished\":\"2019-11-24T07:10:41+00:00\",\"dateModified\":\"2020-01-20T20:02:06+00:00\",\"description\":\"Economizers are for recovering some of the flue gas heat that goes out of the boilers and into the chimney in heat, steam or power generation facilities.\",\"breadcrumb\":{\"@id\":\"https:\/\/hammadde.com.tr\/en\/product\/economizer\/#breadcrumb\"},\"inLanguage\":\"en-US\",\"potentialAction\":[{\"@type\":\"ReadAction\",\"target\":[\"https:\/\/hammadde.com.tr\/en\/product\/economizer\/\"]}]},{\"@type\":\"BreadcrumbList\",\"@id\":\"https:\/\/hammadde.com.tr\/en\/product\/economizer\/#breadcrumb\",\"itemListElement\":[{\"@type\":\"ListItem\",\"position\":1,\"name\":\"Home\",\"item\":\"https:\/\/hammadde.com.tr\/en\/\"},{\"@type\":\"ListItem\",\"position\":2,\"name\":\"Products\",\"item\":\"https:\/\/hammadde.com.tr\/en\/products\/\"},{\"@type\":\"ListItem\",\"position\":3,\"name\":\"Economizer\"}]},{\"@type\":\"WebSite\",\"@id\":\"https:\/\/hammadde.com.tr\/en\/#website\",\"url\":\"https:\/\/hammadde.com.tr\/en\/\",\"name\":\"Hammadde Co. Inc.\",\"description\":\"\",\"potentialAction\":[{\"@type\":\"SearchAction\",\"target\":{\"@type\":\"EntryPoint\",\"urlTemplate\":\"https:\/\/hammadde.com.tr\/en\/?s={search_term_string}\"},\"query-input\":\"required name=search_term_string\"}],\"inLanguage\":\"en-US\"}]}<\/script>\n<!-- \/ Yoast SEO plugin. -->","yoast_head_json":{"title":"Economizer - Boiler Production - Renovation - Quality Workmanship","description":"Economizers are for recovering some of the flue gas heat that goes out of the boilers and into the chimney in heat, steam or power generation facilities.","robots":{"index":"index","follow":"follow","max-snippet":"max-snippet:-1","max-image-preview":"max-image-preview:large","max-video-preview":"max-video-preview:-1"},"canonical":"https:\/\/hammadde.com.tr\/en\/product\/economizer\/","og_locale":"en_US","og_type":"article","og_title":"Economizer - Boiler Production - Renovation - Quality Workmanship","og_description":"Economizers are for recovering some of the flue gas heat that goes out of the boilers and into the chimney in heat, steam or power generation facilities.","og_url":"https:\/\/hammadde.com.tr\/en\/product\/economizer\/","og_site_name":"Hammadde Co. Inc.","article_modified_time":"2020-01-20T20:02:06+00:00","og_image":[{"width":350,"height":292,"url":"https:\/\/hammadde.com.tr\/en\/wp-content\/uploads\/2019\/11\/baca-kazani-economizer-boiler-22.jpg","type":"image\/jpeg"}],"twitter_card":"summary_large_image","twitter_misc":{"Est. reading time":"2 minutes"},"schema":{"@context":"https:\/\/schema.org","@graph":[{"@type":"WebPage","@id":"https:\/\/hammadde.com.tr\/en\/product\/economizer\/","url":"https:\/\/hammadde.com.tr\/en\/product\/economizer\/","name":"Economizer - Boiler Production - Renovation - Quality Workmanship","isPartOf":{"@id":"https:\/\/hammadde.com.tr\/en\/#website"},"datePublished":"2019-11-24T07:10:41+00:00","dateModified":"2020-01-20T20:02:06+00:00","description":"Economizers are for recovering some of the flue gas heat that goes out of the boilers and into the chimney in heat, steam or power generation facilities.","breadcrumb":{"@id":"https:\/\/hammadde.com.tr\/en\/product\/economizer\/#breadcrumb"},"inLanguage":"en-US","potentialAction":[{"@type":"ReadAction","target":["https:\/\/hammadde.com.tr\/en\/product\/economizer\/"]}]},{"@type":"BreadcrumbList","@id":"https:\/\/hammadde.com.tr\/en\/product\/economizer\/#breadcrumb","itemListElement":[{"@type":"ListItem","position":1,"name":"Home","item":"https:\/\/hammadde.com.tr\/en\/"},{"@type":"ListItem","position":2,"name":"Products","item":"https:\/\/hammadde.com.tr\/en\/products\/"},{"@type":"ListItem","position":3,"name":"Economizer"}]},{"@type":"WebSite","@id":"https:\/\/hammadde.com.tr\/en\/#website","url":"https:\/\/hammadde.com.tr\/en\/","name":"Hammadde Co. Inc.","description":"","potentialAction":[{"@type":"SearchAction","target":{"@type":"EntryPoint","urlTemplate":"https:\/\/hammadde.com.tr\/en\/?s={search_term_string}"},"query-input":"required name=search_term_string"}],"inLanguage":"en-US"}]}},"_links":{"self":[{"href":"https:\/\/hammadde.com.tr\/en\/wp-json\/wp\/v2\/product\/6311"}],"collection":[{"href":"https:\/\/hammadde.com.tr\/en\/wp-json\/wp\/v2\/product"}],"about":[{"href":"https:\/\/hammadde.com.tr\/en\/wp-json\/wp\/v2\/types\/product"}],"wp:featuredmedia":[{"embeddable":true,"href":"https:\/\/hammadde.com.tr\/en\/wp-json\/wp\/v2\/media\/6363"}],"wp:attachment":[{"href":"https:\/\/hammadde.com.tr\/en\/wp-json\/wp\/v2\/media?parent=6311"}],"wp:term":[{"taxonomy":"product_cat","embeddable":true,"href":"https:\/\/hammadde.com.tr\/en\/wp-json\/wp\/v2\/product_cat?post=6311"},{"taxonomy":"product_tag","embeddable":true,"href":"https:\/\/hammadde.com.tr\/en\/wp-json\/wp\/v2\/product_tag?post=6311"}],"curies":[{"name":"wp","href":"https:\/\/api.w.org\/{rel}","templated":true}]}}